{"id":48,"date":"2017-07-07T13:27:26","date_gmt":"2017-07-07T11:27:26","guid":{"rendered":"http:\/\/dichterfanfryslan.bwhontwerpers.nl\/?page_id=48\/"},"modified":"2019-11-21T17:34:06","modified_gmt":"2019-11-21T16:34:06","slug":"nyk-de-vries","status":"publish","type":"page","link":"https:\/\/dichterfanfryslan.nl\/nl\/fryslan-zoekt-een-dichter\/nyk-de-vries\/","title":{"rendered":"Nyk de Vries"},"content":{"rendered":"<p>Nyk de Vries is op donderdag 21 november 2019 officieel benoemd tot Dichter van Frysl\u00e2n voor de komende twee jaar. De benoeming door gedeputeerde Sietske Poepjes vond plaats in de Stadskas van het Explore the North festival in Leeuwarden.<\/p>\n<p>Als Dichter van Frysl\u00e2n treedt Nyk de Vries de komende twee jaar op als po\u00ebtisch ambassadeur van Frysl\u00e2n. Hij schrijft per jaar zes tot tien gedichten, liefst ge\u00efnspireerd door opvallende en actuele gebeurtenissen in de provincie. De Dichter fan Frysl\u00e2n krijgt hiervoor een vaste vergoeding van \u20ac 2.500,- per jaar en \u20ac 250,- voor elk gedicht.<\/p>\n","protected":false},"excerpt":{"rendered":"<p>Nyk de Vries is op donderdag 21 november 2019 officieel benoemd tot Dichter van Frysl\u00e2n voor de komende twee jaar. De benoeming door gedeputeerde Sietske Poepjes vond plaats in de Stadskas van het Explore the North festival in Leeuwarden. Als Dichter van Frysl\u00e2n treedt Nyk de Vries de komende twee jaar op als po\u00ebtisch ambassadeur [&hellip;]<\/p>\n","protected":false},"author":1,"featured_media":0,"parent":30,"menu_order":59,"comment_status":"closed","ping_status":"closed","template":"","meta":{"_acf_changed":false,"footnotes":""},"class_list":["post-48","page","type-page","status-publish","hentry"],"acf":[],"_links":{"self":[{"href":"https:\/\/dichterfanfryslan.nl\/nl\/wp-json\/wp\/v2\/pages\/48","targetHints":{"allow":["GET"]}}],"collection":[{"href":"https:\/\/dichterfanfryslan.nl\/nl\/wp-json\/wp\/v2\/pages"}],"about":[{"href":"https:\/\/dichterfanfryslan.nl\/nl\/wp-json\/wp\/v2\/types\/page"}],"author":[{"embeddable":true,"href":"https:\/\/dichterfanfryslan.nl\/nl\/wp-json\/wp\/v2\/users\/1"}],"replies":[{"embeddable":true,"href":"https:\/\/dichterfanfryslan.nl\/nl\/wp-json\/wp\/v2\/comments?post=48"}],"version-history":[{"count":5,"href":"https:\/\/dichterfanfryslan.nl\/nl\/wp-json\/wp\/v2\/pages\/48\/revisions"}],"predecessor-version":[{"id":1524,"href":"https:\/\/dichterfanfryslan.nl\/nl\/wp-json\/wp\/v2\/pages\/48\/revisions\/1524"}],"up":[{"embeddable":true,"href":"https:\/\/dichterfanfryslan.nl\/nl\/wp-json\/wp\/v2\/pages\/30"}],"wp:attachment":[{"href":"https:\/\/dichterfanfryslan.nl\/nl\/wp-json\/wp\/v2\/media?parent=48"}],"curies":[{"name":"wp","href":"https:\/\/api.w.org\/{rel}","templated":true}]}}