{"id":44,"date":"2017-07-07T13:25:50","date_gmt":"2017-07-07T11:25:50","guid":{"rendered":"http:\/\/dichterfanfryslan.bwhontwerpers.nl\/?page_id=44\/"},"modified":"2018-03-09T08:19:32","modified_gmt":"2018-03-09T07:19:32","slug":"wat-vragen-wij","status":"publish","type":"page","link":"https:\/\/dichterfanfryslan.nl\/nl\/fryslan-zoekt-een-dichter\/wat-vragen-wij\/","title":{"rendered":"Dichter van Frysl\u00e2n"},"content":{"rendered":"<p>De Dichter van Frysl\u00e2n schrijft zes tot tien gedichten per jaar en weet het grote publiek te vinden en te binden met zijn of haar po\u00ebzie. Bij grote voorkeur in het Fries of in een Friese streektaal.<\/p>\n<p>De Dichter van Frysl\u00e2n treedt op als po\u00ebtisch ambassadeur en draagt op een moderne en uitnodigende wijze zorg voor de po\u00ebtische presentatie van Frysl\u00e2n. Binnen en buiten de provincie. Bij voorkeur ge\u00efnspireerd op actuele gebeurtenissen of opvallende en bijzondere momenten die plaatsvinden in onze provincie of daartoe in relatie staan. De Dichter van Frysl\u00e2n weet op een eigentijdse en toegankelijke manier actualiteit en sociaal-maatschappelijke thema\u2019s te vangen in po\u00ebzie.<\/p>\n<p>Van de Dichter van Frysl\u00e2n wordt verwacht dat hij of zij een aantal keer per jaar optreedt bij nader aan te wijzen gelegenheden.<\/p>\n","protected":false},"excerpt":{"rendered":"<p>De Dichter van Frysl\u00e2n schrijft zes tot tien gedichten per jaar en weet het grote publiek te vinden en te binden met zijn of haar po\u00ebzie. Bij grote voorkeur in het Fries of in een Friese streektaal. De Dichter van Frysl\u00e2n treedt op als po\u00ebtisch ambassadeur en draagt op een moderne en uitnodigende wijze zorg [&hellip;]<\/p>\n","protected":false},"author":1,"featured_media":0,"parent":30,"menu_order":49,"comment_status":"closed","ping_status":"closed","template":"","meta":{"_acf_changed":false,"footnotes":""},"class_list":["post-44","page","type-page","status-publish","hentry"],"acf":[],"_links":{"self":[{"href":"https:\/\/dichterfanfryslan.nl\/nl\/wp-json\/wp\/v2\/pages\/44","targetHints":{"allow":["GET"]}}],"collection":[{"href":"https:\/\/dichterfanfryslan.nl\/nl\/wp-json\/wp\/v2\/pages"}],"about":[{"href":"https:\/\/dichterfanfryslan.nl\/nl\/wp-json\/wp\/v2\/types\/page"}],"author":[{"embeddable":true,"href":"https:\/\/dichterfanfryslan.nl\/nl\/wp-json\/wp\/v2\/users\/1"}],"replies":[{"embeddable":true,"href":"https:\/\/dichterfanfryslan.nl\/nl\/wp-json\/wp\/v2\/comments?post=44"}],"version-history":[{"count":3,"href":"https:\/\/dichterfanfryslan.nl\/nl\/wp-json\/wp\/v2\/pages\/44\/revisions"}],"predecessor-version":[{"id":545,"href":"https:\/\/dichterfanfryslan.nl\/nl\/wp-json\/wp\/v2\/pages\/44\/revisions\/545"}],"up":[{"embeddable":true,"href":"https:\/\/dichterfanfryslan.nl\/nl\/wp-json\/wp\/v2\/pages\/30"}],"wp:attachment":[{"href":"https:\/\/dichterfanfryslan.nl\/nl\/wp-json\/wp\/v2\/media?parent=44"}],"curies":[{"name":"wp","href":"https:\/\/api.w.org\/{rel}","templated":true}]}}