{"id":1761,"date":"2020-05-07T22:02:38","date_gmt":"2020-05-07T20:02:38","guid":{"rendered":"https:\/\/dichterfanfryslan.nl\/schooloptreden\/oer\/"},"modified":"2022-07-15T09:53:27","modified_gmt":"2022-07-15T07:53:27","slug":"over","status":"publish","type":"page","link":"https:\/\/dichterfanfryslan.nl\/nl\/schooloptreden\/over\/","title":{"rendered":"Over"},"content":{"rendered":"<h3>Toegankelijk en inspirerend schooloptreden<\/h3>\n<p>De Dichter van Frysl\u00e2n biedt twee verschillende lesprogramma&#8217;s over po\u00ebzie voor basisscholen in Frysl\u00e2n. De lesprogramma&#8217;s bestaan uit een optreden en les in \u00e9\u00e9n. De Dichter van Frysl\u00e2n brengt leerlingen en leraren op een toegankelijke wijze met po\u00ebzie in aanraking en laat leerlingen beleven wat het effect van po\u00ebzie kan zijn.<\/p>\n<p>Nodig de Dichter van Frysl\u00e2n nu alvast uit voor het nieuwe schooljaar \u201922-\u201923!<\/p>\n","protected":false},"excerpt":{"rendered":"<p>Toegankelijk en inspirerend schooloptreden De Dichter van Frysl\u00e2n biedt twee verschillende lesprogramma&#8217;s over po\u00ebzie voor basisscholen in Frysl\u00e2n. De lesprogramma&#8217;s bestaan uit een optreden en les in \u00e9\u00e9n. De Dichter van Frysl\u00e2n brengt leerlingen en leraren op een toegankelijke wijze met po\u00ebzie in aanraking en laat leerlingen beleven wat het effect van po\u00ebzie kan zijn. [&hellip;]<\/p>\n","protected":false},"author":1,"featured_media":0,"parent":1759,"menu_order":248,"comment_status":"closed","ping_status":"closed","template":"","meta":{"_acf_changed":false,"footnotes":""},"class_list":["post-1761","page","type-page","status-publish","hentry"],"acf":[],"_links":{"self":[{"href":"https:\/\/dichterfanfryslan.nl\/nl\/wp-json\/wp\/v2\/pages\/1761","targetHints":{"allow":["GET"]}}],"collection":[{"href":"https:\/\/dichterfanfryslan.nl\/nl\/wp-json\/wp\/v2\/pages"}],"about":[{"href":"https:\/\/dichterfanfryslan.nl\/nl\/wp-json\/wp\/v2\/types\/page"}],"author":[{"embeddable":true,"href":"https:\/\/dichterfanfryslan.nl\/nl\/wp-json\/wp\/v2\/users\/1"}],"replies":[{"embeddable":true,"href":"https:\/\/dichterfanfryslan.nl\/nl\/wp-json\/wp\/v2\/comments?post=1761"}],"version-history":[{"count":8,"href":"https:\/\/dichterfanfryslan.nl\/nl\/wp-json\/wp\/v2\/pages\/1761\/revisions"}],"predecessor-version":[{"id":2463,"href":"https:\/\/dichterfanfryslan.nl\/nl\/wp-json\/wp\/v2\/pages\/1761\/revisions\/2463"}],"up":[{"embeddable":true,"href":"https:\/\/dichterfanfryslan.nl\/nl\/wp-json\/wp\/v2\/pages\/1759"}],"wp:attachment":[{"href":"https:\/\/dichterfanfryslan.nl\/nl\/wp-json\/wp\/v2\/media?parent=1761"}],"curies":[{"name":"wp","href":"https:\/\/api.w.org\/{rel}","templated":true}]}}