{"id":1005,"date":"2019-03-19T07:55:36","date_gmt":"2019-03-19T06:55:36","guid":{"rendered":"https:\/\/dichterfanfryslan.nl\/?page_id=1005\/"},"modified":"2019-12-16T11:39:05","modified_gmt":"2019-12-16T10:39:05","slug":"schip-vogel-land","status":"publish","type":"page","link":"https:\/\/dichterfanfryslan.nl\/nl\/gedichten\/eeltsje-hettinga\/schip-vogel-land\/","title":{"rendered":"Schip vogel land"},"content":{"rendered":"<p style=\"text-align: right;\"><em>\u2018Substitute\u2019, The Who<\/em><\/p>\n<p>&nbsp;<\/p>\n<p>Opengesneden lag mijn lichaam onder<br \/>\nde kust zijn schuimvlokkende horizon.<\/p>\n<p>Een Fundgrube van rotzooi en ramsj<br \/>\nwas ik. De maag puilde uit van alles<\/p>\n<p>wat onvergankelijk eeuwigheid bezat:<br \/>\njust plastic, zodat ik van kop tot staart<\/p>\n<p>en van wiek tot wiek al was opgezet<br \/>\nvoordat ik uit eigen veren vliegen kon.<\/p>\n<p>\u2019t Was onder de slag van de toren die<br \/>\nbij Wierum over de kwelder klepte dat<\/p>\n<p>ik uit mijn droom wakker schoot, ontzet<br \/>\ndoor de vlokkende sneeuw, korrels<\/p>\n<p>met een ziel als die van domme olie.<br \/>\nEn waar hagelstenen op drift, wit<\/p>\n<p>de akkers teisterden, wist ik: We\u2019re all<br \/>\nborn with a plastic spoon in our mouth\u2026<\/p>\n<p>&nbsp;<\/p>\n<p>&nbsp;<\/p>\n<p><em>Vertaling: Elske Schotanus<\/em><\/p>\n<p>&nbsp;<\/p>\n<div class=\"video-media\"><iframe loading=\"lazy\" title=\"Skip f\u00fbgel l\u00e2n - Eeltsje Hettinga - Dichter fan Frysl\u00e2n\" width=\"500\" height=\"281\" src=\"https:\/\/www.youtube.com\/embed\/IxP_mgqI4is?feature=oembed\" frameborder=\"0\" allow=\"accelerometer; autoplay; clipboard-write; encrypted-media; gyroscope; picture-in-picture; web-share\" referrerpolicy=\"strict-origin-when-cross-origin\" allowfullscreen><\/iframe><\/div>\n","protected":false},"excerpt":{"rendered":"<p>\u2018Substitute\u2019, The Who &nbsp; Opengesneden lag mijn lichaam onder de kust zijn schuimvlokkende horizon. Een Fundgrube van rotzooi en ramsj was ik. De maag puilde uit van alles wat onvergankelijk eeuwigheid bezat: just plastic, zodat ik van kop tot staart en van wiek tot wiek al was opgezet voordat ik uit eigen veren vliegen kon. [&hellip;]<\/p>\n","protected":false},"author":2,"featured_media":0,"parent":1375,"menu_order":192,"comment_status":"closed","ping_status":"closed","template":"page-gedicht.php","meta":{"_acf_changed":false,"footnotes":""},"class_list":["post-1005","page","type-page","status-publish","hentry"],"acf":[],"_links":{"self":[{"href":"https:\/\/dichterfanfryslan.nl\/nl\/wp-json\/wp\/v2\/pages\/1005","targetHints":{"allow":["GET"]}}],"collection":[{"href":"https:\/\/dichterfanfryslan.nl\/nl\/wp-json\/wp\/v2\/pages"}],"about":[{"href":"https:\/\/dichterfanfryslan.nl\/nl\/wp-json\/wp\/v2\/types\/page"}],"author":[{"embeddable":true,"href":"https:\/\/dichterfanfryslan.nl\/nl\/wp-json\/wp\/v2\/users\/2"}],"replies":[{"embeddable":true,"href":"https:\/\/dichterfanfryslan.nl\/nl\/wp-json\/wp\/v2\/comments?post=1005"}],"version-history":[{"count":4,"href":"https:\/\/dichterfanfryslan.nl\/nl\/wp-json\/wp\/v2\/pages\/1005\/revisions"}],"predecessor-version":[{"id":1562,"href":"https:\/\/dichterfanfryslan.nl\/nl\/wp-json\/wp\/v2\/pages\/1005\/revisions\/1562"}],"up":[{"embeddable":true,"href":"https:\/\/dichterfanfryslan.nl\/nl\/wp-json\/wp\/v2\/pages\/1375"}],"wp:attachment":[{"href":"https:\/\/dichterfanfryslan.nl\/nl\/wp-json\/wp\/v2\/media?parent=1005"}],"curies":[{"name":"wp","href":"https:\/\/api.w.org\/{rel}","templated":true}]}}